{"id":1332,"date":"2023-01-02T03:54:15","date_gmt":"2023-01-02T03:54:15","guid":{"rendered":"https:\/\/wordpress.thoi.art\/?page_id=1332"},"modified":"2024-01-12T22:19:57","modified_gmt":"2024-01-12T22:19:57","slug":"gym","status":"publish","type":"page","link":"https:\/\/belocal.thoi.art\/en\/gym\/","title":{"rendered":"Gym"},"content":{"rendered":"<div id=\"fws_69e1ca4865f72\"  data-column-margin=\"none\" data-midnight=\"light\" data-bottom-percent=\"15%\"  class=\"wpb_row vc_row-fluid vc_row parallax_section padding-t0 top_margin_0px\"  style=\"padding-top: 0px; padding-bottom: calc(100vw * 0.15); \"><div class=\"row-bg-wrap\" data-bg-animation=\"none\" data-bg-animation-delay=\"\" data-bg-overlay=\"false\"><div class=\"inner-wrap row-bg-layer\" ><div class=\"row-bg viewport-desktop\" data-parallax-speed=\"fast\" style=\"\"><\/div><\/div><\/div><div class=\"row_col_wrap_12 col span_12 light left\">\n\t<div  class=\"vc_col-sm-12 padding-t0 wpb_column column_container vc_column_container col no-extra-padding el_spacing_0px no-extra-padding_tablet no-extra-padding_phone\"  data-padding-pos=\"all\" data-has-bg-color=\"false\" data-bg-color=\"\" data-bg-opacity=\"1\" data-animation=\"\" data-delay=\"0\" >\n\t\t<div class=\"vc_column-inner\" >\n\t\t\t<div class=\"wpb_wrapper\">\n\t\t\t\t\n\t\t\t<!-- START Gym REVOLUTION SLIDER 6.5.25 --><p class=\"rs-p-wp-fix\"><\/p>\n\t\t\t<rs-module-wrap id=\"rev_slider_11_1_wrapper\" data-source=\"gallery\" style=\"visibility:hidden;background:transparent;padding:0;margin:0px auto;margin-top:0;margin-bottom:0;\">\n\t\t\t\t<rs-module id=\"rev_slider_11_1\" style=\"\" data-version=\"6.5.25\">\n\t\t\t\t\t<rs-slides>\n\t\t\t\t\t\t<rs-slide style=\"position: absolute;\" data-key=\"rs-13\" data-title=\"Slide\" data-in=\"o:0;\" data-out=\"a:false;\">\n\t\t\t\t\t\t\t<img decoding=\"async\" src=\"\/\/belocal.thoi.art\/wp-content\/plugins\/revslider\/public\/assets\/assets\/dummy.png\" alt=\"Slide\" title=\"Gym\" class=\"rev-slidebg tp-rs-img rs-lazyload\" data-lazyload=\"\/\/belocal.thoi.art\/wp-content\/plugins\/revslider\/public\/assets\/assets\/transparent.png\" data-no-retina>\n<!--\n\t\t\t\t\t\t\t--><rs-layer\n\t\t\t\t\t\t\t\tid=\"slider-11-slide-13-layer-0\" \n\t\t\t\t\t\t\t\tdata-type=\"image\"\n\t\t\t\t\t\t\t\tdata-rsp_ch=\"on\"\n\t\t\t\t\t\t\t\tdata-xy=\"x:c;y:c;\"\n\t\t\t\t\t\t\t\tdata-text=\"w:normal;\"\n\t\t\t\t\t\t\t\tdata-dim=\"w:100%;\"\n\t\t\t\t\t\t\t\tdata-frame_999=\"o:0;st:w;\"\n\t\t\t\t\t\t\t\tstyle=\"z-index:8;filter:brightness(40%);\"\n\t\t\t\t\t\t\t><img decoding=\"async\" src=\"\/\/belocal.thoi.art\/wp-content\/plugins\/revslider\/public\/assets\/assets\/dummy.png\" alt=\"\" class=\"tp-rs-img rs-lazyload\" width=\"1080\" height=\"1740\" data-lazyload=\"\/\/belocal.thoi.art\/wp-content\/uploads\/2024\/01\/galeria_1_7.jpg\" data-c=\"fullwidth\" data-no-retina> \n\t\t\t\t\t\t\t<\/rs-layer><!--\n\n\t\t\t\t\t\t\t--><rs-layer\n\t\t\t\t\t\t\t\tid=\"slider-11-slide-13-layer-1\" \n\t\t\t\t\t\t\t\tdata-type=\"text\"\n\t\t\t\t\t\t\t\tdata-color=\"#ffffff\"\n\t\t\t\t\t\t\t\tdata-rsp_ch=\"on\"\n\t\t\t\t\t\t\t\tdata-xy=\"x:c;y:c;\"\n\t\t\t\t\t\t\t\tdata-text=\"w:normal;s:60;l:65;a:center;\"\n\t\t\t\t\t\t\t\tdata-dim=\"h:235px;\"\n\t\t\t\t\t\t\t\tdata-frame_999=\"o:0;st:w;\"\n\t\t\t\t\t\t\t\tstyle=\"z-index:9;font-family:'Ubuntu';\"\n\t\t\t\t\t\t\t>Una experiencia de <br \/>\nentrenamiento completa \n\t\t\t\t\t\t\t<\/rs-layer><!--\n-->\t\t\t\t\t\t<\/rs-slide>\n\t\t\t\t\t<\/rs-slides>\n\t\t\t\t<\/rs-module>\n\t\t\t\t<script>\n\t\t\t\t\tsetREVStartSize({c: 'rev_slider_11_1',rl:[1240,1024,778,480],el:[730],gw:[2200],gh:[730],type:'carousel',justify:'',layout:'fullwidth',mh:\"0\"});if (window.RS_MODULES!==undefined && window.RS_MODULES.modules!==undefined && window.RS_MODULES.modules[\"revslider111\"]!==undefined) {window.RS_MODULES.modules[\"revslider111\"].once = false;window.revapi11 = undefined;if (window.RS_MODULES.checkMinimal!==undefined) window.RS_MODULES.checkMinimal()}\n\t\t\t\t<\/script>\n\t\t\t<\/rs-module-wrap>\n\t\t\t<!-- END REVOLUTION SLIDER -->\n\n\t\t\t<\/div> \n\t\t<\/div>\n\t<\/div> \n<\/div><\/div>\n\t\t<div id=\"fws_69e1ca4869186\"  data-column-margin=\"default\" data-midnight=\"dark\"  class=\"wpb_row vc_row-fluid vc_row  top_margin_5em\"  style=\"padding-top: 0px; padding-bottom: 0px; \"><div class=\"row-bg-wrap\" data-bg-animation=\"none\" data-bg-animation-delay=\"\" data-bg-overlay=\"false\"><div class=\"inner-wrap row-bg-layer\" ><div class=\"row-bg viewport-desktop\"  style=\"\"><\/div><\/div><\/div><div class=\"row_col_wrap_12 col span_12 dark left\">\n\t<div  class=\"vc_col-sm-12 wpb_column column_container vc_column_container col no-extra-padding inherit_tablet inherit_phone\"  data-padding-pos=\"all\" data-has-bg-color=\"false\" data-bg-color=\"\" data-bg-opacity=\"1\" data-animation=\"\" data-delay=\"0\" >\n\t\t<div class=\"vc_column-inner\" >\n\t\t\t<div class=\"wpb_wrapper\">\n\t\t\t\t\n<div class=\"wpb_text_column wpb_content_element  font-brantford-medium\" >\n\t<div class=\"wpb_wrapper\">\n\t\t<p style=\"text-align: left; font-size: 35px; color: #ea9a27; margin-top: 3rem;\">You don't live to train,<br \/>\nyou train to live.<\/p>\n\t<\/div>\n<\/div>\n\n\n\n<div id=\"fws_69e1ca48698ae\" data-midnight=\"\" data-column-margin=\"default\" class=\"wpb_row vc_row-fluid vc_row inner_row\"  style=\"\"><div class=\"row-bg-wrap\"> <div class=\"row-bg\" ><\/div> <\/div><div class=\"row_col_wrap_12_inner col span_12  left\">\n\t<div  class=\"vc_col-sm-6 wpb_column column_container vc_column_container col child_column no-extra-padding inherit_tablet inherit_phone\"   data-padding-pos=\"all\" data-has-bg-color=\"false\" data-bg-color=\"\" data-bg-opacity=\"1\" data-animation=\"\" data-delay=\"0\" >\n\t\t<div class=\"vc_column-inner\" >\n\t\t<div class=\"wpb_wrapper\">\n\t\t\t\n<div class=\"wpb_text_column wpb_content_element  font-brantford-regular\" >\n\t<div class=\"wpb_wrapper\">\n\t\t<p style=\"font-size: 25px; color: #fff; margin-top: 1rem; text-align: center;\">By joining our community, you also have<br \/>\naccess to our gym where we motivate you to<br \/>\ntrain and get the most out of our<br \/>\nareas of cardio, integrated weight, free weight, functional and more...<\/p>\n\t<\/div>\n<\/div>\n\n\n\n\n\t\t<\/div> \n\t<\/div>\n\t<\/div> \n\n\t<div  class=\"vc_col-sm-6 wpb_column column_container vc_column_container col child_column no-extra-padding inherit_tablet inherit_phone\"   data-padding-pos=\"all\" data-has-bg-color=\"false\" data-bg-color=\"\" data-bg-opacity=\"1\" data-animation=\"\" data-delay=\"0\" >\n\t\t<div class=\"vc_column-inner\" >\n\t\t<div class=\"wpb_wrapper\">\n\t\t\t\n<div class=\"wpb_text_column wpb_content_element  font-brantford-regular\" >\n\t<div class=\"wpb_wrapper\">\n\t\t<p style=\"font-size: 25px; color: #fff; margin-top: 1rem; text-align: center;\">The Local Gym is a fitness ecosystem<br \/>\nthat offers more when training.<br \/>\nComenzar ahora es mejor porque tienes una<br \/>\ncommunity supporting you to achieve your goals.<\/p>\n\t<\/div>\n<\/div>\n\n\n\n\n\t\t<\/div> \n\t<\/div>\n\t<\/div> \n<\/div><\/div>\n\t\t\t<\/div> \n\t\t<\/div>\n\t<\/div> \n<\/div><\/div>\n\t\t<div id=\"about\"  data-column-margin=\"default\" data-midnight=\"dark\" data-top-percent=\"5%\" data-bottom-percent=\"5%\"  class=\"wpb_row vc_row-fluid vc_row full-width-content vc_row-o-equal-height vc_row-flex vc_row-o-content-top  right_padding_6pct left_padding_6pct top_padding_tablet_10pct bottom_padding_tablet_10pct\"  style=\"padding-top: calc(100vw * 0.05); padding-bottom: calc(100vw * 0.05); \"><div class=\"row-bg-wrap\" data-bg-animation=\"none\" data-bg-animation-delay=\"\" data-bg-overlay=\"false\"><div class=\"inner-wrap row-bg-layer\" ><div class=\"row-bg viewport-desktop\"  style=\"\"><\/div><\/div><\/div><div class=\"row_col_wrap_12 col span_12 dark left\">\n\t<div  class=\"vc_col-sm-12 wpb_column column_container vc_column_container col no-extra-padding inherit_tablet inherit_phone\"  data-padding-pos=\"all\" data-has-bg-color=\"false\" data-bg-color=\"\" data-bg-opacity=\"1\" data-animation=\"\" data-delay=\"0\" >\n\t\t<div class=\"vc_column-inner\" >\n\t\t\t<div class=\"wpb_wrapper\">\n\t\t\t\t<div id=\"fws_69e1ca486a132\" data-midnight=\"\" data-column-margin=\"default\" class=\"wpb_row vc_row-fluid vc_row inner_row vc_row-o-equal-height vc_row-flex vc_row-o-content-middle\"  style=\"\"><div class=\"row-bg-wrap\"> <div class=\"row-bg\" ><\/div> <\/div><div class=\"row_col_wrap_12_inner col span_12  left\">\n\t<div  class=\"vc_col-sm-4 wpb_column column_container vc_column_container col child_column padding-6-percent no-extra-padding_tablet no-extra-padding_phone\"   data-padding-pos=\"left\" data-has-bg-color=\"false\" data-bg-color=\"\" data-bg-opacity=\"1\" data-animation=\"\" data-delay=\"0\" data-scroll-animation=\"true\" data-scroll-animation-movement=\"default\" data-scroll-animation-mobile=\"\" data-scroll-animation-intensity=\"1\" >\n\t\t<div class=\"vc_column-inner\" >\n\t\t<div class=\"wpb_wrapper\">\n\t\t\t<div class=\"divider-wrap height_tablet_0px\" data-alignment=\"default\"><div style=\"height: 30vh;\" class=\"divider\"><\/div><\/div>\n<div class=\"wpb_text_column wpb_content_element  font-brantford-semibold\" >\n\t<div class=\"wpb_wrapper\">\n\t\t<p style=\"font-size: 40px; color: #ea9a27; text-align: left; line-height: 50px;\">Train to do<br \/>\nwhat you love.<\/p>\n\t<\/div>\n<\/div>\n\n\n\n\n<div class=\"wpb_text_column wpb_content_element  font-brantford-semibold\" >\n\t<div class=\"wpb_wrapper\">\n\t\t<p style=\"font-size: 25px; color: #fff; text-align: left;\">We motivate you to train and be in shape to enjoy more and do sports to have more energy.<\/p>\n<p style=\"font-size: 25px; color: #fff; text-align: left;\">\u00bfPrincipiante o profesional? \u00a1No importa! Nuestros entrenadores te ayudar\u00e1n a sacar m\u00e1s provecho en cada sesi\u00f3n de entrenamiento.<\/p>\n\t<\/div>\n<\/div>\n\n\n\n<div class=\"divider-wrap height_tablet_0px height_phone_0px\" data-alignment=\"default\"><div style=\"height: 30vh;\" class=\"divider\"><\/div><\/div>\n\t\t<\/div> \n\t<\/div>\n\t<\/div> \n\n\t<div style=\"\" class=\"vc_col-sm-8 wpb_column column_container vc_column_container col child_column no-extra-padding bottom_margin_tablet_40px inherit_tablet inherit_phone\"  data-using-bg=\"true\" data-padding-pos=\"all\" data-has-bg-color=\"false\" data-bg-color=\"\" data-bg-opacity=\"1\" data-animation=\"\" data-delay=\"0\" >\n\t\t<div class=\"vc_column-inner\" ><div class=\"column-image-bg-wrap column-bg-layer viewport-desktop\" data-n-parallax-bg=\"true\" data-parallax-speed=\"very_subtle\" data-bg-pos=\"center center\" data-bg-animation=\"none\" data-bg-overlay=\"false\"><div class=\"inner-wrap\"><div class=\"column-image-bg parallax-layer\" style=\" background-image: url('https:\/\/belocal.thoi.art\/wp-content\/uploads\/2023\/01\/1gym.png'); \"><\/div><\/div><\/div>\n\t\t<div class=\"wpb_wrapper\">\n\t\t\t<div class=\"divider-wrap height_tablet_75vh\" data-alignment=\"default\"><div style=\"height: 25px;\" class=\"divider\"><\/div><\/div>\n\t\t<\/div> \n\t<\/div>\n\t<\/div> \n<\/div><\/div><div id=\"fws_69e1ca486a72e\" data-midnight=\"\" data-column-margin=\"default\" class=\"wpb_row vc_row-fluid vc_row inner_row vc_row-o-equal-height vc_row-flex vc_row-o-content-middle\"  style=\"padding-top: 5rem; \"><div class=\"row-bg-wrap\"> <div class=\"row-bg\" ><\/div> <\/div><div class=\"row_col_wrap_12_inner col span_12  left\">\n\t<div style=\"\" class=\"vc_col-sm-8 wpb_column column_container vc_column_container col child_column no-extra-padding bottom_margin_tablet_40px inherit_tablet inherit_phone\"  data-using-bg=\"true\" data-padding-pos=\"all\" data-has-bg-color=\"false\" data-bg-color=\"\" data-bg-opacity=\"1\" data-animation=\"\" data-delay=\"0\" >\n\t\t<div class=\"vc_column-inner\" ><div class=\"column-image-bg-wrap column-bg-layer viewport-desktop\" data-n-parallax-bg=\"true\" data-parallax-speed=\"very_subtle\" data-bg-pos=\"center center\" data-bg-animation=\"none\" data-bg-overlay=\"false\"><div class=\"inner-wrap\"><div class=\"column-image-bg parallax-layer\" style=\" background-image: url('https:\/\/belocal.thoi.art\/wp-content\/uploads\/2023\/01\/2gym.png'); \"><\/div><\/div><\/div>\n\t\t<div class=\"wpb_wrapper\">\n\t\t\t<div class=\"divider-wrap height_tablet_75vh\" data-alignment=\"default\"><div style=\"height: 25px;\" class=\"divider\"><\/div><\/div>\n\t\t<\/div> \n\t<\/div>\n\t<\/div> \n\n\t<div  class=\"vc_col-sm-4 wpb_column column_container vc_column_container col child_column padding-6-percent no-extra-padding_tablet no-extra-padding_phone\"   data-padding-pos=\"left\" data-has-bg-color=\"false\" data-bg-color=\"\" data-bg-opacity=\"1\" data-animation=\"\" data-delay=\"0\" data-scroll-animation=\"true\" data-scroll-animation-movement=\"default\" data-scroll-animation-mobile=\"\" data-scroll-animation-intensity=\"1\" >\n\t\t<div class=\"vc_column-inner\" >\n\t\t<div class=\"wpb_wrapper\">\n\t\t\t<div class=\"divider-wrap height_tablet_0px\" data-alignment=\"default\"><div style=\"height: 30vh;\" class=\"divider\"><\/div><\/div>\n<div class=\"wpb_text_column wpb_content_element  font-brantford-semibold\" >\n\t<div class=\"wpb_wrapper\">\n\t\t<p style=\"font-size: 40px; color: #ea9a27; text-align: left; line-height: 50px;\">All about your<br \/>\ntraining<br \/>\nin one place<\/p>\n\t<\/div>\n<\/div>\n\n\n\n\n\t<div class=\"wpb_raw_code wpb_content_element wpb_raw_html\" >\n\t\t<div class=\"wpb_wrapper\">\n\t\t\t<div class=\"contenedor-links\">\n   <div class=\"link\"><img decoding=\"async\" class=\"img-link\" src=\"https:\/\/belocal.thoi.art\/wp-content\/uploads\/iconsvg\/logotipo-de-apple-negro.png\"><\/div>\n   <div class=\"link\"><img decoding=\"async\" class=\"img-link\" src=\"https:\/\/belocal.thoi.art\/wp-content\/uploads\/iconsvg\/androide.png\"><\/div>\n<\/div>\n\t\t<\/div>\n\t<\/div>\n\n<div class=\"wpb_text_column wpb_content_element  font-brantford-semibold\" >\n\t<div class=\"wpb_wrapper\">\n\t\t<p style=\"color: #fff; font-size: 25px;\">Al descargar gratis nuestra app Local Fit, \u00a1obtienes el mejor aliado para tu rutina de entrenamiento!<\/p>\n<p style=\"color: #fff; font-size: 25px;\">Follow the progress of your goals, online workouts and the Local experience in and out of the gym in the palm of your hand.<\/p>\n\t<\/div>\n<\/div>\n\n\n\n<a class=\"nectar-button small regular accent-color  regular-button\"  style=\"\"  href=\"#\" data-color-override=\"false\" data-hover-color-override=\"false\" data-hover-text-color-override=\"#fff\"><span>DOWNLOAD THE APP<\/span><\/a><div class=\"divider-wrap height_tablet_0px height_phone_0px\" data-alignment=\"default\"><div style=\"height: 30vh;\" class=\"divider\"><\/div><\/div>\n\t\t<\/div> \n\t<\/div>\n\t<\/div> \n<\/div><\/div>\n\t\t\t<\/div> \n\t\t<\/div>\n\t<\/div> \n<\/div><\/div>","protected":false},"excerpt":{"rendered":"Una experiencia de entrenamiento completa No se vive para entrenar, se entrena para vivir. Al unirte a nuestra comunidad, tambi\u00e9n tienes acceso a nuestro gimnasio donde te motivamos a entrenar...","protected":false},"author":1,"featured_media":0,"parent":0,"menu_order":0,"comment_status":"closed","ping_status":"closed","template":"","meta":{"footnotes":""},"class_list":["post-1332","page","type-page","status-publish"],"yoast_head":"<!-- This site is optimized with the Yoast SEO plugin v25.3 - https:\/\/yoast.com\/wordpress\/plugins\/seo\/ -->\n<title>Gym - Local<\/title>\n<meta name=\"robots\" content=\"noindex, follow, max-snippet:-1, max-image-preview:large, max-video-preview:-1\" \/>\n<meta property=\"og:locale\" content=\"en_US\" \/>\n<meta property=\"og:type\" content=\"article\" \/>\n<meta property=\"og:title\" content=\"Gym - Local\" \/>\n<meta property=\"og:url\" content=\"https:\/\/belocal.thoi.art\/en\/gym\/\" \/>\n<meta property=\"og:site_name\" content=\"Local\" \/>\n<meta property=\"article:publisher\" content=\"https:\/\/www.facebook.com\/belocalmexico\/\" \/>\n<meta property=\"article:modified_time\" content=\"2024-01-12T22:19:57+00:00\" \/>\n<meta name=\"twitter:card\" content=\"summary_large_image\" \/>\n<meta name=\"twitter:label1\" content=\"Est. reading time\" \/>\n\t<meta name=\"twitter:data1\" content=\"11 minutes\" \/>\n<script type=\"application\/ld+json\" class=\"yoast-schema-graph\">{\"@context\":\"https:\/\/schema.org\",\"@graph\":[{\"@type\":\"WebPage\",\"@id\":\"https:\/\/belocal.thoi.art\/gym\/\",\"url\":\"https:\/\/belocal.thoi.art\/gym\/\",\"name\":\"Gym - Local\",\"isPartOf\":{\"@id\":\"https:\/\/belocal.thoi.art\/#website\"},\"datePublished\":\"2023-01-02T03:54:15+00:00\",\"dateModified\":\"2024-01-12T22:19:57+00:00\",\"breadcrumb\":{\"@id\":\"https:\/\/belocal.thoi.art\/gym\/#breadcrumb\"},\"inLanguage\":\"en-US\",\"potentialAction\":[{\"@type\":\"ReadAction\",\"target\":[\"https:\/\/belocal.thoi.art\/gym\/\"]}]},{\"@type\":\"BreadcrumbList\",\"@id\":\"https:\/\/belocal.thoi.art\/gym\/#breadcrumb\",\"itemListElement\":[{\"@type\":\"ListItem\",\"position\":1,\"name\":\"Inicio\",\"item\":\"https:\/\/belocal.thoi.art\/\"},{\"@type\":\"ListItem\",\"position\":2,\"name\":\"Gym\"}]},{\"@type\":\"WebSite\",\"@id\":\"https:\/\/belocal.thoi.art\/#website\",\"url\":\"https:\/\/belocal.thoi.art\/\",\"name\":\"Local\",\"description\":\"Somos Local\",\"potentialAction\":[{\"@type\":\"SearchAction\",\"target\":{\"@type\":\"EntryPoint\",\"urlTemplate\":\"https:\/\/belocal.thoi.art\/?s={search_term_string}\"},\"query-input\":{\"@type\":\"PropertyValueSpecification\",\"valueRequired\":true,\"valueName\":\"search_term_string\"}}],\"inLanguage\":\"en-US\"}]}<\/script>\n<!-- \/ Yoast SEO plugin. -->","yoast_head_json":{"title":"Gym - Local","robots":{"index":"noindex","follow":"follow","max-snippet":"max-snippet:-1","max-image-preview":"max-image-preview:large","max-video-preview":"max-video-preview:-1"},"og_locale":"en_US","og_type":"article","og_title":"Gym - Local","og_url":"https:\/\/belocal.thoi.art\/en\/gym\/","og_site_name":"Local","article_publisher":"https:\/\/www.facebook.com\/belocalmexico\/","article_modified_time":"2024-01-12T22:19:57+00:00","twitter_card":"summary_large_image","twitter_misc":{"Est. reading time":"11 minutes"},"schema":{"@context":"https:\/\/schema.org","@graph":[{"@type":"WebPage","@id":"https:\/\/belocal.thoi.art\/gym\/","url":"https:\/\/belocal.thoi.art\/gym\/","name":"Gym - Local","isPartOf":{"@id":"https:\/\/belocal.thoi.art\/#website"},"datePublished":"2023-01-02T03:54:15+00:00","dateModified":"2024-01-12T22:19:57+00:00","breadcrumb":{"@id":"https:\/\/belocal.thoi.art\/gym\/#breadcrumb"},"inLanguage":"en-US","potentialAction":[{"@type":"ReadAction","target":["https:\/\/belocal.thoi.art\/gym\/"]}]},{"@type":"BreadcrumbList","@id":"https:\/\/belocal.thoi.art\/gym\/#breadcrumb","itemListElement":[{"@type":"ListItem","position":1,"name":"Inicio","item":"https:\/\/belocal.thoi.art\/"},{"@type":"ListItem","position":2,"name":"Gym"}]},{"@type":"WebSite","@id":"https:\/\/belocal.thoi.art\/#website","url":"https:\/\/belocal.thoi.art\/","name":"Local","description":"Somos Local","potentialAction":[{"@type":"SearchAction","target":{"@type":"EntryPoint","urlTemplate":"https:\/\/belocal.thoi.art\/?s={search_term_string}"},"query-input":{"@type":"PropertyValueSpecification","valueRequired":true,"valueName":"search_term_string"}}],"inLanguage":"en-US"}]}},"_links":{"self":[{"href":"https:\/\/belocal.thoi.art\/en\/wp-json\/wp\/v2\/pages\/1332","targetHints":{"allow":["GET"]}}],"collection":[{"href":"https:\/\/belocal.thoi.art\/en\/wp-json\/wp\/v2\/pages"}],"about":[{"href":"https:\/\/belocal.thoi.art\/en\/wp-json\/wp\/v2\/types\/page"}],"author":[{"embeddable":true,"href":"https:\/\/belocal.thoi.art\/en\/wp-json\/wp\/v2\/users\/1"}],"replies":[{"embeddable":true,"href":"https:\/\/belocal.thoi.art\/en\/wp-json\/wp\/v2\/comments?post=1332"}],"version-history":[{"count":29,"href":"https:\/\/belocal.thoi.art\/en\/wp-json\/wp\/v2\/pages\/1332\/revisions"}],"predecessor-version":[{"id":1714,"href":"https:\/\/belocal.thoi.art\/en\/wp-json\/wp\/v2\/pages\/1332\/revisions\/1714"}],"wp:attachment":[{"href":"https:\/\/belocal.thoi.art\/en\/wp-json\/wp\/v2\/media?parent=1332"}],"curies":[{"name":"wp","href":"https:\/\/api.w.org\/{rel}","templated":true}]}}